{"id":4,"date":"2017-03-06T19:51:36","date_gmt":"2017-03-06T19:51:36","guid":{"rendered":"http:\/\/yougend-hl.de\/yhl\/?page_id=4"},"modified":"2023-01-28T20:31:08","modified_gmt":"2023-01-28T19:31:08","slug":"home","status":"publish","type":"page","link":"https:\/\/yougend-hl.de\/","title":{"rendered":"Home"},"content":{"rendered":"<div class=\"enl-block-header\">\n<h3 class=\"enl-block-title\" style=\"text-align: left;\"><\/h3>\n<h3 class=\"enl-block-title\" style=\"text-align: left;\">\u00dcber uns<\/h3>\n<\/div>\n<div class=\"enl-block-desc\">\n<p>Wir sind die Yougend-HL. Jede Woche haben wir einen Jugendtreff und die M\u00f6glichkeit zum Austausch. Erz\u00e4hle auch Du, was Gott in deinem Leben tut und wie du ihn erlebst!<\/p>\n<\/div>\n<div class=\"enl-block-header\">\n<h3 class=\"enl-block-title\" style=\"text-align: left;\">Treffen<\/h3>\n<\/div>\n<div class=\"enl-block-desc\">\n<p>Neben unseren w\u00f6chentlichen Treffen haben wir \u00fcber das Jahr verteilt einige Aktionen geplant!\u00a0 Du bist herzlich dazu eingeladen.<\/p>\n<\/div>\n<div class=\"enl-block-header\">\n<h3 class=\"enl-block-title\" style=\"text-align: left;\">Glauben<\/h3>\n<\/div>\n<div class=\"enl-block-desc\">\n<p>Durch das Lesen der Bibel k\u00f6nnen wir Gott erkennen. Im Gebet pflegen wir die Gemeinschaft mit ihm. Wir als Jugend erleben das und Gott schenkt auch Dir Gelegenheiten, ihn zu begegnen.<\/p>\n<\/div>\n","protected":false},"excerpt":{"rendered":"<p>\u00dcber uns Wir sind die Yougend-HL. Jede Woche haben wir einen Jugendtreff und die M\u00f6glichkeit zum Austausch. Erz\u00e4hle auch Du, was Gott in deinem Leben tut und wie du ihn erlebst! Treffen Neben unseren w\u00f6chentlichen Treffen haben wir \u00fcber das Jahr verteilt einige Aktionen geplant!\u00a0 Du bist herzlich dazu eingeladen. Glauben Durch das Lesen der &hellip; <\/p>\n<p class=\"link-more\"><a href=\"https:\/\/yougend-hl.de\/\" class=\"more-link\"><span class=\"screen-reader-text\">\u201eHome\u201c<\/span> weiterlesen<\/a><\/p>\n","protected":false},"author":1,"featured_media":0,"parent":0,"menu_order":0,"comment_status":"closed","ping_status":"closed","template":"","meta":[],"_links":{"self":[{"href":"https:\/\/yougend-hl.de\/index.php\/wp-json\/wp\/v2\/pages\/4"}],"collection":[{"href":"https:\/\/yougend-hl.de\/index.php\/wp-json\/wp\/v2\/pages"}],"about":[{"href":"https:\/\/yougend-hl.de\/index.php\/wp-json\/wp\/v2\/types\/page"}],"author":[{"embeddable":true,"href":"https:\/\/yougend-hl.de\/index.php\/wp-json\/wp\/v2\/users\/1"}],"replies":[{"embeddable":true,"href":"https:\/\/yougend-hl.de\/index.php\/wp-json\/wp\/v2\/comments?post=4"}],"version-history":[{"count":11,"href":"https:\/\/yougend-hl.de\/index.php\/wp-json\/wp\/v2\/pages\/4\/revisions"}],"predecessor-version":[{"id":1154,"href":"https:\/\/yougend-hl.de\/index.php\/wp-json\/wp\/v2\/pages\/4\/revisions\/1154"}],"wp:attachment":[{"href":"https:\/\/yougend-hl.de\/index.php\/wp-json\/wp\/v2\/media?parent=4"}],"curies":[{"name":"wp","href":"https:\/\/api.w.org\/{rel}","templated":true}]}}