{"id":6,"date":"2017-03-06T19:51:36","date_gmt":"2017-03-06T19:51:36","guid":{"rendered":"http:\/\/yougend-hl.de\/yhl\/?page_id=6"},"modified":"2023-01-28T20:32:55","modified_gmt":"2023-01-28T19:32:55","slug":"contact","status":"publish","type":"page","link":"https:\/\/yougend-hl.de\/index.php\/contact\/","title":{"rendered":"Kontakt"},"content":{"rendered":"<p>Unser regul\u00e4rer Jugendtreff findet am Freitagabend um 20:00 Uhr im Jugendcaf\u00e9 der Evangelischen Freikirche Hohenloh, Anne-Franck-Stra\u00dfe 1, 32756 Detmold, statt.<\/p>\n<p>Komm gerne dazu!<\/p>\n","protected":false},"excerpt":{"rendered":"<p>Unser regul\u00e4rer Jugendtreff findet am Freitagabend um 20:00 Uhr im Jugendcaf\u00e9 der Evangelischen Freikirche Hohenloh, Anne-Franck-Stra\u00dfe 1, 32756 Detmold, statt. Komm gerne dazu!<\/p>\n","protected":false},"author":1,"featured_media":0,"parent":0,"menu_order":0,"comment_status":"closed","ping_status":"closed","template":"","meta":[],"_links":{"self":[{"href":"https:\/\/yougend-hl.de\/index.php\/wp-json\/wp\/v2\/pages\/6"}],"collection":[{"href":"https:\/\/yougend-hl.de\/index.php\/wp-json\/wp\/v2\/pages"}],"about":[{"href":"https:\/\/yougend-hl.de\/index.php\/wp-json\/wp\/v2\/types\/page"}],"author":[{"embeddable":true,"href":"https:\/\/yougend-hl.de\/index.php\/wp-json\/wp\/v2\/users\/1"}],"replies":[{"embeddable":true,"href":"https:\/\/yougend-hl.de\/index.php\/wp-json\/wp\/v2\/comments?post=6"}],"version-history":[{"count":5,"href":"https:\/\/yougend-hl.de\/index.php\/wp-json\/wp\/v2\/pages\/6\/revisions"}],"predecessor-version":[{"id":1155,"href":"https:\/\/yougend-hl.de\/index.php\/wp-json\/wp\/v2\/pages\/6\/revisions\/1155"}],"wp:attachment":[{"href":"https:\/\/yougend-hl.de\/index.php\/wp-json\/wp\/v2\/media?parent=6"}],"curies":[{"name":"wp","href":"https:\/\/api.w.org\/{rel}","templated":true}]}}